{"id":897,"date":"2015-06-02T08:15:29","date_gmt":"2015-06-02T08:15:29","guid":{"rendered":"http:\/\/www.piemonteis.org\/?page_id=897"},"modified":"2015-06-17T19:51:12","modified_gmt":"2015-06-17T19:51:12","slug":"privacy-cookies-policy","status":"publish","type":"page","link":"http:\/\/www.piemonteis.org\/?page_id=897","title":{"rendered":"Privacy &#038; Cookies Policy"},"content":{"rendered":"<p><a title=\"privacy\" href=\"http:\/\/www.piemonteis.org\/?page_id=395\" target=\"_blank\">Informativa sulla privacy<\/a><\/p>\n<p><strong>Cosa sono i cookies<\/strong><\/p>\n<p>In informatica i cookie HTTP (pi\u00f9 comunemente denominati Web cookie, tracking cookie o semplicemente cookie) sono righe di testo usate per eseguire autenticazioni automatiche, tracciatura di sessioni e memorizzazione di informazioni specifiche riguardanti gli utenti che accedono al server.<br \/>\nUn cookie \u00e8 un piccolo file, memorizzato nel computer da siti web durante la navigazione, utile a salvare le preferenze e a migliorare le prestazioni dei siti web. In questo modo si ottimizza l&#8217;esperienza di navigazione da parte dell&#8217;utente.<br \/>\nNel dettaglio, sono stringhe di testo di piccola dimensione inviate da un server ad un Web client (di solito un browser) e poi rimandati indietro dal client al server (senza subire modifiche) ogni volta che il client accede alla stessa porzione dello stesso dominio web.<br \/>\nOgni dominio o sua porzione che viene visitata col browser pu\u00f2 impostare dei cookie. Poich\u00e9 una tipica pagina Internet contiene oggetti che provengono da molti domini diversi e ognuno di essi pu\u00f2 impostare cookie, \u00e8 normale ospitare nel proprio browser molte centinaia di cookie.<\/p>\n<p><strong>Come bloccare i cookies<\/strong><\/p>\n<p><span id=\"sample-permalink\" tabindex=\"-1\">L\u2019utente pu\u00f2 bloccare o limitare la ricezione di cookies attraverso le opzioni del proprio browser.<\/span><\/p>\n<p>Ecco le istruzione per i pi\u00f9 diffusi:<\/p>\n<p><a title=\"firefox\" href=\"https:\/\/support.mozilla.org\/it\/kb\/Bloccare%20i%20cookiehttp:\/\/\" target=\"_blank\">Firefox<\/a><\/p>\n<p><a title=\"Chrome\" href=\"https:\/\/support.google.com\/accounts\/answer\/61416?hl=it\" target=\"_blank\">Chrome<\/a><\/p>\n<p><a title=\"Internet Explorer\" href=\"http:\/\/windows.microsoft.com\/it-it\/internet-explorer\/delete-manage-cookies#ie=ie-11\" target=\"_blank\">Internet Explorer<\/a><\/p>\n<p>Se utilizzi altri browser baster\u00e0 utilizzare un motore di ricerca con chiave &#8220;eliminare cookies&#8221;.<\/p>\n<p><strong>Quali cookies utilizza questo sito<\/strong><\/p>\n<p><em>Google Analytics<\/em><\/p>\n<p>Google Analytics \u00e8 uno strumento di analisi di Google che aiuta i proprietari di siti web e app a capire come i visitatori interagiscono con i contenuti di loro propriet\u00e0. Si pu\u00f2 utilizzare un set di cookie per raccogliere informazioni e generare statistiche di utilizzo del sito web senza identificazione personale dei singoli visitatori da parte di Google.<\/p>\n<p>Oltre a generare rapporti sulle statistiche di utilizzo dei siti web, il tag pixel di Google Analytics pu\u00f2 essere utilizzato, insieme ad alcuni cookie per la pubblicit\u00e0 descritti sopra, per consentirci di mostrare risultati pi\u00f9 pertinenti nelle propriet\u00e0 di Google (come la Ricerca Google) e in tutto il Web.<\/p>\n<p><a title=\"Google Analytics\" href=\"https:\/\/www.google.com\/analytics\/learn\/privacy.html?hl=it\">Informativa<\/a><\/p>\n<p><em>Google Adsense<\/em><\/p>\n<p>I cookie sono utilizzati per rendere la pubblicit\u00e0 pi\u00f9 coinvolgente per gli utenti e pi\u00f9 utile per publisher e inserzionisti. Alcuni impieghi comuni dei cookie includono la selezione della pubblicit\u00e0 in base a ci\u00f2 che \u00e8 pertinente per un utente, il miglioramento dei rapporti sul rendimento delle campagne e la possibilit\u00e0 di evitare la visualizzazione di annunci che l&#8217;utente ha gi\u00e0 visto.<\/p>\n<p>Google utilizza inoltre cookie delle conversioni il cui scopo principale \u00e8 consentire agli inserzionisti di determinare quante persone che fanno clic sui loro annunci finiscono per acquistare i loro prodotti. Questi cookie consentono a Google e all&#8217;inserzionista di stabilire che hai fatto clic sull&#8217;annuncio e poi visitato il sito dell&#8217;inserzionista. I cookie delle conversioni non vengono visualizzati da Google per il targeting degli annunci basato sugli interessi e persistono per un periodo di tempo limitato. Questi cookie sono generalmente impostati nel dominio googleadservices.com o google.com\/ads. I dati dei cookie delle conversioni potrebbero essere utilizzati anche in associazione al tuo account Google per collegare eventi di conversione fra i vari dispositivi che utilizzi. Vengono condivisi con gli inserzionisti solo dati delle conversioni anonimi raccolti attraverso questi cookie.<\/p>\n<p>Anche alcuni degli altri cookie potrebbero essere utilizzati per misurare gli eventi di conversione. Ad esempio, anche i cookie di DoubleClick e Google Analytics potrebbero essere utilizzati a questo scopo ed essere impostati nel dominio che stai visitando.<\/p>\n<p><a title=\"Google Adsense\" href=\"http:\/\/www.google.com\/policies\/technologies\/ads\/\">\u00a0Informativa<\/a><\/p>\n","protected":false},"excerpt":{"rendered":"<p>Informativa sulla privacy Cosa sono i cookies In informatica i cookie HTTP (pi\u00f9 comunemente denominati Web cookie, tracking cookie o semplicemente cookie) sono&#8230;<\/p>\n","protected":false},"author":1,"featured_media":0,"parent":0,"menu_order":0,"comment_status":"open","ping_status":"open","template":"","meta":{"footnotes":""},"_links":{"self":[{"href":"http:\/\/www.piemonteis.org\/index.php?rest_route=\/wp\/v2\/pages\/897"}],"collection":[{"href":"http:\/\/www.piemonteis.org\/index.php?rest_route=\/wp\/v2\/pages"}],"about":[{"href":"http:\/\/www.piemonteis.org\/index.php?rest_route=\/wp\/v2\/types\/page"}],"author":[{"embeddable":true,"href":"http:\/\/www.piemonteis.org\/index.php?rest_route=\/wp\/v2\/users\/1"}],"replies":[{"embeddable":true,"href":"http:\/\/www.piemonteis.org\/index.php?rest_route=%2Fwp%2Fv2%2Fcomments&post=897"}],"version-history":[{"count":7,"href":"http:\/\/www.piemonteis.org\/index.php?rest_route=\/wp\/v2\/pages\/897\/revisions"}],"predecessor-version":[{"id":997,"href":"http:\/\/www.piemonteis.org\/index.php?rest_route=\/wp\/v2\/pages\/897\/revisions\/997"}],"wp:attachment":[{"href":"http:\/\/www.piemonteis.org\/index.php?rest_route=%2Fwp%2Fv2%2Fmedia&parent=897"}],"curies":[{"name":"wp","href":"https:\/\/api.w.org\/{rel}","templated":true}]}}